{"id":4,"date":"2016-07-10T10:35:23","date_gmt":"2016-07-10T08:35:23","guid":{"rendered":"http:\/\/www.mgrebw.dotform.de\/?page_id=4"},"modified":"2016-10-14T22:39:43","modified_gmt":"2016-10-14T20:39:43","slug":"startseite","status":"publish","type":"page","link":"https:\/\/www.wissenschaft.mareike-greb.de\/","title":{"rendered":"Startseite"},"content":{"rendered":"<div class=\"fusion-fullwidth fullwidth-box fusion-fullwidth-1  fusion-parallax-none hundred-percent-fullwidth fusion-equal-height-columns\" style=\"border-color:#3e3e3e;border-bottom-width: 0px;border-top-width: 0px;border-bottom-style: solid;border-top-style: solid;padding-bottom:0px;padding-top:0px;padding-left:0px;padding-right:0px;background-color:#242424;\"><style type=\"text\/css\" scoped=\"scoped\">.fusion-fullwidth-1 {\n                            padding-left: 0px !important;\n                            padding-right: 0px !important;\n                        }<\/style><div class=\"fusion-row\"><div class=\"fusion-one-half fusion-layout-column fusion-spacing-no\" style=\"margin-top:0px;margin-bottom:0px;\"><div class=\"fusion-column-wrapper\" style=\"padding:25px 10% 10% 10%;\"><div class=\"fusion-column-table\"><div class=\"fusion-column-tablecell\"><h1>Mareike Greb, M.A.<\/h1>\n<p><strong>Forschungsschwerpunkte:<\/strong><\/p>\n<ul>\n<li>Tanzschriften und Tanzpraxis vom 15.-18. Jahrhundert;<\/li>\n<li>Tanznotation; Historische Tanzanthropologie;<\/li>\n<li>Musik der fr\u00fchen Neuzeit, Notation, Druck<\/li>\n<\/ul>\n<p><strong>aus der Vita:<\/strong><\/p>\n<ul>\n<li>Magistra Artium an der Alma Mater Lipsiensis der Theaterwissenschaften, Musikwissenschaften, Allgemeinen und Vergleichenden Literaturwissenschaften<\/li>\n<li>Alumni der Studienstiftung des Deutschen Volkes<\/li>\n<li>Scheffelpreis 2000<\/li>\n<\/ul>\n<p><strong>Publikationen:<\/strong><\/p>\n<ul>\n<li>\u201e<a href=\"http:\/\/www.lda-lsa.de\/landesmuseum_fuer_vorgeschichte\/sonderausstellungen\/geplante_ausstellungen\/here_i_stand_lutherausstellungen_usa_2016\/\" target=\"_blank\">Here I stand\u2026<\/a>\u201c Lutherausstellungen USA 2016, Kooperationsprojekt mit Unterst\u00fctzung des Ausw\u00e4rtigen Amtes und unter der Federf\u00fchrung des Landesmuseums f\u00fcr Vorgeschichte Halle Ausstellungen in New York, Minneapolis und Atlanta, diverse Beitr\u00e4ge im Katalog und Essayband<\/li>\n<li>Noten f\u00fcr den Reformator? Zur Untersuchung der Drucktypen aus dem Wittenberger Franziskanerkloster und ihr Zusammenhang mit dem Musikaliendruck der Reformationszeit, in Zusammenarbeit mit Daniel Berger und Holger Rhode<br \/>\nin: Meller, Harald (Hrsg.): Forschungsberichte des Landesmuseums f\u00fcr Vorgeschichte Halle, Bd.7, 2015<br \/>\nISBN: 978-3-944507-19-4<br \/>\n<a href=\"http:\/\/www.lda-lsa.de\/de\/landesmuseum_fuer_vorgeschichte\/fund_des_monats\/2014\/april\/\" target=\"_blank\">R\u00fcckschau zur Ausstellung 2014<\/a><\/li>\n<li>Die Gaillarde und ihr Erbe. Ein Palimpsest eines Renaissancetanzes, 2009<br \/>\nISBN-13: 978-3836482233<\/li>\n<\/ul>\n<div class=\"fusion-clearfix\"><\/div><\/div><\/div><\/div><\/div><div class=\"fusion-one-half fusion-layout-column fusion-column-last fusion-spacing-no\" style=\"margin-top:0px;margin-bottom:0px;\"><div class=\"fusion-column-wrapper\" style=\"padding:0 0 0 0;\"><span class=\"fusion-imageframe imageframe-none imageframe-1 hover-type-none fusion-column-wrapper-opac2\"> <img decoding=\"async\" src=\"https:\/\/www.wissenschaft.mareike-greb.de\/wp-content\/uploads\/2016\/07\/IMG_0816.jpg\" alt=\"Mareike Greb\" class=\"img-responsive\"\/><\/span><div class=\"fusion-clearfix\"><\/div><\/div><\/div><div class=\"fusion-clearfix\"><\/div><\/div><\/div>\n","protected":false},"excerpt":{"rendered":"","protected":false},"author":1,"featured_media":0,"parent":0,"menu_order":0,"comment_status":"closed","ping_status":"closed","template":"100-width.php","meta":{"footnotes":""},"class_list":["post-4","page","type-page","status-publish","hentry"],"_links":{"self":[{"href":"https:\/\/www.wissenschaft.mareike-greb.de\/index.php\/wp-json\/wp\/v2\/pages\/4","targetHints":{"allow":["GET"]}}],"collection":[{"href":"https:\/\/www.wissenschaft.mareike-greb.de\/index.php\/wp-json\/wp\/v2\/pages"}],"about":[{"href":"https:\/\/www.wissenschaft.mareike-greb.de\/index.php\/wp-json\/wp\/v2\/types\/page"}],"author":[{"embeddable":true,"href":"https:\/\/www.wissenschaft.mareike-greb.de\/index.php\/wp-json\/wp\/v2\/users\/1"}],"replies":[{"embeddable":true,"href":"https:\/\/www.wissenschaft.mareike-greb.de\/index.php\/wp-json\/wp\/v2\/comments?post=4"}],"version-history":[{"count":27,"href":"https:\/\/www.wissenschaft.mareike-greb.de\/index.php\/wp-json\/wp\/v2\/pages\/4\/revisions"}],"predecessor-version":[{"id":41,"href":"https:\/\/www.wissenschaft.mareike-greb.de\/index.php\/wp-json\/wp\/v2\/pages\/4\/revisions\/41"}],"wp:attachment":[{"href":"https:\/\/www.wissenschaft.mareike-greb.de\/index.php\/wp-json\/wp\/v2\/media?parent=4"}],"curies":[{"name":"wp","href":"https:\/\/api.w.org\/{rel}","templated":true}]}}